{"id":6546,"date":"2019-01-28T18:02:16","date_gmt":"2019-01-28T17:02:16","guid":{"rendered":"https:\/\/www.anamendoza.at\/?page_id=6546"},"modified":"2019-01-28T18:02:16","modified_gmt":"2019-01-28T17:02:16","slug":"aviso-legal","status":"publish","type":"page","link":"https:\/\/www.anamendoza.at\/es\/aviso-legal\/","title":{"rendered":"Aviso legal"},"content":{"rendered":"[vc_row type=\u00bbin_container\u00bb full_screen_row_position=\u00bbmiddle\u00bb scene_position=\u00bbcenter\u00bb text_color=\u00bbdark\u00bb text_align=\u00bbleft\u00bb top_padding=\u00bb40&#8243; overlay_strength=\u00bb0.3&#8243; shape_divider_position=\u00bbbottom\u00bb bg_image_animation=\u00bbnone\u00bb shape_type=\u00bb\u00bb][vc_column column_padding=\u00bbno-extra-padding\u00bb column_padding_position=\u00bball\u00bb background_color_opacity=\u00bb1&#8243; background_hover_color_opacity=\u00bb1&#8243; column_link_target=\u00bb_self\u00bb column_shadow=\u00bbnone\u00bb column_border_radius=\u00bbnone\u00bb width=\u00bb1\/2&#8243; tablet_width_inherit=\u00bbdefault\u00bb tablet_text_alignment=\u00bbdefault\u00bb phone_text_alignment=\u00bbdefault\u00bb column_border_width=\u00bbnone\u00bb column_border_style=\u00bbsolid\u00bb bg_image_animation=\u00bbnone\u00bb][vc_column_text]\n<h3>Aviso legal<\/h3>\n<h5>Mag. Ana Mendoza<\/h5>\n<p>Correo electr\u00f3nico: <a href=\"mailto:praxis@anamendoza.at\">praxis@anamendoza.at<\/a><br \/>\nTel.: +43 676 771 4014<br \/>\nGraz, \u00d6sterreich<\/p>\n<h5>Fotos<\/h5>\n<p>\u00a9 Copyright: Mag. Ana Mendoza[\/vc_column_text][\/vc_column][vc_column column_padding=\u00bbno-extra-padding\u00bb column_padding_position=\u00bball\u00bb background_color_opacity=\u00bb1&#8243; background_hover_color_opacity=\u00bb1&#8243; column_link_target=\u00bb_self\u00bb column_shadow=\u00bbnone\u00bb column_border_radius=\u00bbnone\u00bb width=\u00bb1\/2&#8243; tablet_width_inherit=\u00bbdefault\u00bb tablet_text_alignment=\u00bbdefault\u00bb phone_text_alignment=\u00bbdefault\u00bb column_border_width=\u00bbnone\u00bb column_border_style=\u00bbsolid\u00bb bg_image_animation=\u00bbnone\u00bb][divider line_type=\u00bbNo Line\u00bb custom_height=\u00bb20&#8243;][vc_column_text]\n<h5>Dise\u00f1o gr\u00e1fico &amp; programaci\u00f3n<\/h5>\n<p>W3Bline, e.U. \u2013 Vania Valdez-Papini, MSc<br \/>\nJantschgasse 35, 9020 Klagenfurt am W\u00f6rthersee<br \/>\n<strong>Tel.: +43 664 100 7847<\/strong><br \/>\n<a href=\"mailto:office@w3bline.com\" target=\"_blank\" rel=\"noopener\">office@w3bline.com<\/a> | <a href=\"https:\/\/www.w3bline.com\" target=\"_blank\" rel=\"noopener\">www.w3bline.com<\/a>[\/vc_column_text][\/vc_column][\/vc_row][vc_row type=\u00bbin_container\u00bb full_screen_row_position=\u00bbmiddle\u00bb scene_position=\u00bbcenter\u00bb text_color=\u00bbdark\u00bb text_align=\u00bbleft\u00bb overlay_strength=\u00bb0.3&#8243; shape_divider_position=\u00bbbottom\u00bb bg_image_animation=\u00bbnone\u00bb][vc_column column_padding=\u00bbno-extra-padding\u00bb column_padding_position=\u00bball\u00bb background_color_opacity=\u00bb1&#8243; background_hover_color_opacity=\u00bb1&#8243; column_link_target=\u00bb_self\u00bb column_shadow=\u00bbnone\u00bb column_border_radius=\u00bbnone\u00bb width=\u00bb1\/1&#8243; tablet_width_inherit=\u00bbdefault\u00bb tablet_text_alignment=\u00bbdefault\u00bb phone_text_alignment=\u00bbdefault\u00bb column_border_width=\u00bbnone\u00bb column_border_style=\u00bbsolid\u00bb bg_image_animation=\u00bbnone\u00bb][vc_column_text]\n<h3>Haftungsausschluss<\/h3>\n<p>Die Informationen, die Sie auf diesem Internetauftritt vorfinden, wurden nach bestem Wissen und Gewissen sorgf\u00e4ltig zusammengestellt und gepr\u00fcft. Es wird jedoch keine Gew\u00e4hr \u2013 weder ausdr\u00fccklich noch stillschweigend \u2013 f\u00fcr die Vollst\u00e4ndigkeit, Richtigkeit, Aktualit\u00e4t oder Qualit\u00e4t und jederzeitige Verf\u00fcgbarkeit der bereit gestellten Informationen \u00fcbernommen.<\/p>\n<p>Wir weisen darauf hin, dass Inhalte anderer Webseiten, die durch Hyperlinks von www.anamendoza.at erreicht werden k\u00f6nnen, nicht in unserer Verantwortung liegen.<\/p>\n<p>Die auf den Internetseiten wiedergegebenen Inhalte dienen lediglich zu Ihrer Information. F\u00fcr m\u00f6glicherweise enthaltene Fehler kann keine wie immer geartete Haftung \u00fcbernommen werden. Weiters erkl\u00e4rt sich der Herausgeber als nicht verantwortlich f\u00fcr den Inhalt von Internetseiten, auf die mit einem Link verwiesen wird.<\/p>\n<p>Jede Nutzung bzw. Weiterverwendung von Inhalten (dies gilt insbesondere f\u00fcr Texte, Bilder, Grafiken und Programmcode) au\u00dferhalb der Internetseiten und die Portierung auf andere Medien bedarf ausnahmslos der schriftlichen Genehmigung des Medieninhabers.[\/vc_column_text][\/vc_column][\/vc_row]\n","protected":false},"excerpt":{"rendered":"<p>[vc_row type=\u00bbin_container\u00bb full_screen_row_position=\u00bbmiddle\u00bb scene_position=\u00bbcenter\u00bb text_color=\u00bbdark\u00bb text_align=\u00bbleft\u00bb top_padding=\u00bb40&#8243; overlay_strength=\u00bb0.3&#8243; shape_divider_position=\u00bbbottom\u00bb bg_image_animation=\u00bbnone\u00bb shape_type=\u00bb\u00bb][vc_column column_padding=\u00bbno-extra-padding\u00bb column_padding_position=\u00bball\u00bb background_color_opacity=\u00bb1&#8243; background_hover_color_opacity=\u00bb1&#8243; column_link_target=\u00bb_self\u00bb column_shadow=\u00bbnone\u00bb column_border_radius=\u00bbnone\u00bb width=\u00bb1\/2&#8243; tablet_width_inherit=\u00bbdefault\u00bb tablet_text_alignment=\u00bbdefault\u00bb phone_text_alignment=\u00bbdefault\u00bb column_border_width=\u00bbnone\u00bb column_border_style=\u00bbsolid\u00bb bg_image_animation=\u00bbnone\u00bb][vc_column_text] Aviso legal Mag. Ana Mendoza&#8230;<\/p>\n","protected":false},"author":1,"featured_media":0,"parent":0,"menu_order":0,"comment_status":"closed","ping_status":"closed","template":"","meta":{"footnotes":""},"class_list":["post-6546","page","type-page","status-publish"],"_links":{"self":[{"href":"https:\/\/www.anamendoza.at\/es\/wp-json\/wp\/v2\/pages\/6546","targetHints":{"allow":["GET"]}}],"collection":[{"href":"https:\/\/www.anamendoza.at\/es\/wp-json\/wp\/v2\/pages"}],"about":[{"href":"https:\/\/www.anamendoza.at\/es\/wp-json\/wp\/v2\/types\/page"}],"author":[{"embeddable":true,"href":"https:\/\/www.anamendoza.at\/es\/wp-json\/wp\/v2\/users\/1"}],"replies":[{"embeddable":true,"href":"https:\/\/www.anamendoza.at\/es\/wp-json\/wp\/v2\/comments?post=6546"}],"version-history":[{"count":2,"href":"https:\/\/www.anamendoza.at\/es\/wp-json\/wp\/v2\/pages\/6546\/revisions"}],"predecessor-version":[{"id":6548,"href":"https:\/\/www.anamendoza.at\/es\/wp-json\/wp\/v2\/pages\/6546\/revisions\/6548"}],"wp:attachment":[{"href":"https:\/\/www.anamendoza.at\/es\/wp-json\/wp\/v2\/media?parent=6546"}],"curies":[{"name":"wp","href":"https:\/\/api.w.org\/{rel}","templated":true}]}}