{"id":6454,"date":"2019-01-11T12:35:39","date_gmt":"2019-01-11T11:35:39","guid":{"rendered":"https:\/\/www.anamendoza.at\/?page_id=6454"},"modified":"2026-03-17T17:10:39","modified_gmt":"2026-03-17T16:10:39","slug":"faq","status":"publish","type":"page","link":"https:\/\/www.anamendoza.at\/es\/faq\/","title":{"rendered":"FAQ"},"content":{"rendered":"[full_width_section background_color=\u00bb#fcfcfc\u00bb text_color=\u00bbdark\u00bb top_padding=\u00bb90&#8243; bottom_padding=\u00bb30&#8243;][vc_column column_padding=\u00bbno-extra-padding\u00bb column_padding_tablet=\u00bbinherit\u00bb column_padding_phone=\u00bbinherit\u00bb column_padding_position=\u00bball\u00bb column_element_direction_desktop=\u00bbdefault\u00bb column_element_spacing=\u00bbdefault\u00bb desktop_text_alignment=\u00bbdefault\u00bb tablet_text_alignment=\u00bbdefault\u00bb phone_text_alignment=\u00bbdefault\u00bb background_color_opacity=\u00bb1&#8243; background_hover_color_opacity=\u00bb1&#8243; column_backdrop_filter=\u00bbnone\u00bb column_shadow=\u00bbnone\u00bb column_border_radius=\u00bbnone\u00bb column_link_target=\u00bb_self\u00bb column_position=\u00bbdefault\u00bb gradient_direction=\u00bbleft_to_right\u00bb overlay_strength=\u00bb0.3&#8243; width=\u00bb1\/1&#8243; tablet_width_inherit=\u00bbdefault\u00bb animation_type=\u00bbdefault\u00bb bg_image_animation=\u00bbnone\u00bb border_type=\u00bbsimple\u00bb column_border_width=\u00bbnone\u00bb column_border_style=\u00bbsolid\u00bb class=\u00bb\u00bb][toggles style=\u00bbdefault\u00bb border_radius=\u00bbnone\u00bb][toggle color=\u00bbDefault\u00bb heading_tag=\u00bbdefault\u00bb heading_tag_functionality=\u00bbdefault\u00bb title=\u00bbMe vendr\u00eda bien hablar con alguien pero \u00bfpor d\u00f3nde empiezo?\u00bb][vc_column_text]Si has llegado hasta aqu\u00ed, el primer paso ya est\u00e1 dado. Buscar informaci\u00f3n, buscar un profesional. El siguiente paso es contactar con el profesional que t\u00fa elijas.<\/p>\n<p>Un profesional de la psicolog\u00eda puede ayudar en muchas situaciones. La confidencialidad est\u00e1 asegurada. La relaci\u00f3n con el psic\u00f3logo o psic\u00f3loga de tu elecci\u00f3n comienza y acaba donde t\u00fa quieras. Se tratan los temas que tu elijas, se avanza seg\u00fan tu velocidad y se fijan los objetivos que t\u00fa decidas. Es un servicio profesional.[\/vc_column_text][\/toggle][toggle color=\u00bbDefault\u00bb heading_tag=\u00bbdefault\u00bb heading_tag_functionality=\u00bbdefault\u00bb title=\u00bb\u00bfC\u00f3mo es una sesi\u00f3n?\u00bfCu\u00e1ntas o con qu\u00e9 frecuencia necesito?\u00bb][vc_column_text]Las sesiones suelen ser de 50 minutos. Al principio se necesita bastante informaci\u00f3n para empezar a trabajar y poner un rumbo al tratamiento.<\/p>\n<p>Dependiendo de los objetivos o las dificultades puede ser que se necesiten sesiones semanales o solo una al mes. Al principio ser\u00e1n m\u00e1s intensas y frecuentes. Con el tiempo ser\u00e1n necesarias menos sesiones o con menos frecuencia hasta que no sea necesaria ninguna m\u00e1s.[\/vc_column_text][\/toggle][toggle color=\u00bbDefault\u00bb heading_tag=\u00bbdefault\u00bb heading_tag_functionality=\u00bbdefault\u00bb title=\u00bb\u00bfSe puede financiar a trav\u00e9s del servicio de salud?\u00bb][vc_column_text css=\u00bb\u00bb el_id=\u00bbfoerderung\u00bb text_direction=\u00bbdefault\u00bb]Desde el 1 de enero de 2024 se puede solicitar un reembolso de los costes de tratamientos psicol\u00f3gicos, de la misma manera que se puede solicitar el reembolso de psicoterapia.<\/p>\n<p>Para ello es necesario solicitarlo y adjuntar varios documentos. Mas infomaci\u00f3n en la p\u00e1gina web del servicio de salud austr\u00edaco <a href=\"https:\/\/www.gesundheitskasse.at\/cdscontent\/?contentid=10007.897679\">\u00d6GK Kostenzuschuss<\/a><\/p>\n<p>Ni\u00f1os y j\u00f3venes hasta los 21 a\u00f1os pueden apuntarse al proyecto \u201eGesund aus der Krise\u201d. Se trata de 15 sesiones gratuitas que se pueden disfrutar una sola vez. Toda la informaci\u00f3n en la web <a href=\"https:\/\/gesundausderkrise.at\">Gesund aus der Krise.<\/a><\/p>\n<p>Desde 2026 es posible para los asegurados con \u00d6GK, SVS o BVAEB disfrutar de una plaza subvencionada de terapia psicol\u00f3gica. Informaci\u00f3n y solicitudes en la web <a href=\"https:\/\/psyhelp.at\/\">PsyHelp<\/a>.[\/vc_column_text][\/toggle][toggle color=\u00bbDefault\u00bb heading_tag=\u00bbdefault\u00bb heading_tag_functionality=\u00bbdefault\u00bb title=\u00bb\u00bfCu\u00e1les son mis derechos como cliente?\u00bb][vc_column_text]\n<ul>\n<li>El cliente tiene derecho a estar informado sobre el tratamiento, sobre su modo, duraci\u00f3n, frecuencia, efectos y costes.<\/li>\n<li>El tratamiento debe ser aceptado por el cliente.<\/li>\n<li>El profesional de la psicolog\u00eda debe informar al cliente si cree que existe otra enfermedad o trastorno que requiera un profesional m\u00e9dico. Debe tambi\u00e9n guardar secreto profesional y confidencialidad, adem\u00e1s de estar obligado a seguir unas normas \u00e9ticas por ley.<\/li>\n<li>Para realizar informes para terceros es necesario informar al cliente de los l\u00edmites de la confidencialidad y las normas que rigen los peritajes (protecci\u00f3n de datos, voluntariedad del cliente, documentaci\u00f3n&#8230;)<\/li>\n<li>En caso de que el profesional de la psicolog\u00eda desee abandonar un tratamiento ha de informar con suficiente tiempo al cliente para asegurar que puede continuar con otro profesional.<\/li>\n<\/ul>\n[\/vc_column_text][\/toggle][toggle color=\u00bbDefault\u00bb heading_tag=\u00bbdefault\u00bb heading_tag_functionality=\u00bbdefault\u00bb title=\u00bb\u00bfCu\u00e1l es la diferencia entre psic\u00f3logo, psicoterapeuta y psiquiatra?\u00bb][vc_column_text css=\u00bb\u00bb el_id=\u00bbunterschied2&#8243; text_direction=\u00bbdefault\u00bb]Para ejercer en psiquiatr\u00eda es necesario estudiar medicina y especializarse en psiquiatria. Estos profesionales trabajan en hospitales o centros de salud. Son los profesionales que conocen mejor los tratamientos farmacol\u00f3gicos de los trastornos psiquicos.<\/p>\n<p>La psicolog\u00eda es tambi\u00e9n un estudio universitario con especialidades como la psicolog\u00eda clinica y de la salud que se cursan tras la licenciatura. Estos profesionales no pueden recetar medicaci\u00f3n, tratan los trastornos con terapia. Los lugares de trabajo pueden ser muchos desde hospitales y centros de salud, pasando por escuelas hasta asociaciones o centros de trabajo.<\/p>\n<p>La psicoterapia es un tratamiento basado en la relaci\u00f3n entre una persona y un profesional certificado. En Austria hay unas 23 escuelas diferentes. Internacionalmente las m\u00e1s conocidas son la terapia cognitivo-conductual, el psicoan\u00e1lisis, la terapia sist\u00e9mica y la gestalt.[\/vc_column_text][\/toggle][toggle color=\u00bbDefault\u00bb heading_tag=\u00bbdefault\u00bb heading_tag_functionality=\u00bbdefault\u00bb title=\u00bb\u00bfC\u00f3mo s\u00e9 qu\u00e9 profesional necesito?\u00bb][vc_column_text css=\u00bb\u00bb text_direction=\u00bbdefault\u00bb]Mi consejo es que busques informaci\u00f3n. En una primera sesi\u00f3n tu psicologo\/a te orientar\u00e1 en caso de necesitar otro profesional.<\/p>\n<p>Para una evaluaci\u00f3n gratuita, puedes acudir a tu centro psicosocial m\u00e1s cercano. Ellos te pueden derivar a otro servicio o profesional.<\/p>\n<p>M\u00e1s informaci\u00f3n sobre servicios de salud mental en la p\u00e1gina web <a href=\"https:\/\/gesundheitsfonds-steiermark.at\/plattform-psyche\/\">Plattform Psyche<\/a>.[\/vc_column_text][\/toggle][\/toggles][\/vc_column][\/full_width_section]\n","protected":false},"excerpt":{"rendered":"<p>[full_width_section background_color=\u00bb#fcfcfc\u00bb text_color=\u00bbdark\u00bb top_padding=\u00bb90&#8243; bottom_padding=\u00bb30&#8243;][vc_column column_padding=\u00bbno-extra-padding\u00bb column_padding_tablet=\u00bbinherit\u00bb column_padding_phone=\u00bbinherit\u00bb column_padding_position=\u00bball\u00bb column_element_direction_desktop=\u00bbdefault\u00bb column_element_spacing=\u00bbdefault\u00bb desktop_text_alignment=\u00bbdefault\u00bb tablet_text_alignment=\u00bbdefault\u00bb phone_text_alignment=\u00bbdefault\u00bb background_color_opacity=\u00bb1&#8243; background_hover_color_opacity=\u00bb1&#8243; column_backdrop_filter=\u00bbnone\u00bb column_shadow=\u00bbnone\u00bb column_border_radius=\u00bbnone\u00bb column_link_target=\u00bb_self\u00bb column_position=\u00bbdefault\u00bb gradient_direction=\u00bbleft_to_right\u00bb overlay_strength=\u00bb0.3&#8243; width=\u00bb1\/1&#8243; tablet_width_inherit=\u00bbdefault\u00bb animation_type=\u00bbdefault\u00bb bg_image_animation=\u00bbnone\u00bb border_type=\u00bbsimple\u00bb column_border_width=\u00bbnone\u00bb column_border_style=\u00bbsolid\u00bb&#8230;<\/p>\n","protected":false},"author":1,"featured_media":0,"parent":0,"menu_order":0,"comment_status":"closed","ping_status":"closed","template":"","meta":{"footnotes":""},"class_list":["post-6454","page","type-page","status-publish"],"_links":{"self":[{"href":"https:\/\/www.anamendoza.at\/es\/wp-json\/wp\/v2\/pages\/6454","targetHints":{"allow":["GET"]}}],"collection":[{"href":"https:\/\/www.anamendoza.at\/es\/wp-json\/wp\/v2\/pages"}],"about":[{"href":"https:\/\/www.anamendoza.at\/es\/wp-json\/wp\/v2\/types\/page"}],"author":[{"embeddable":true,"href":"https:\/\/www.anamendoza.at\/es\/wp-json\/wp\/v2\/users\/1"}],"replies":[{"embeddable":true,"href":"https:\/\/www.anamendoza.at\/es\/wp-json\/wp\/v2\/comments?post=6454"}],"version-history":[{"count":11,"href":"https:\/\/www.anamendoza.at\/es\/wp-json\/wp\/v2\/pages\/6454\/revisions"}],"predecessor-version":[{"id":6741,"href":"https:\/\/www.anamendoza.at\/es\/wp-json\/wp\/v2\/pages\/6454\/revisions\/6741"}],"wp:attachment":[{"href":"https:\/\/www.anamendoza.at\/es\/wp-json\/wp\/v2\/media?parent=6454"}],"curies":[{"name":"wp","href":"https:\/\/api.w.org\/{rel}","templated":true}]}}